{"id":2560,"date":"2024-09-03T20:02:30","date_gmt":"2024-09-03T23:02:30","guid":{"rendered":"https:\/\/alanfrigo-wordpress-sergio.m3lete.easypanel.host\/?page_id=2560"},"modified":"2026-04-08T20:12:08","modified_gmt":"2026-04-08T23:12:08","slug":"about","status":"publish","type":"page","link":"https:\/\/savannahvisuals.com\/pt-br\/about\/","title":{"rendered":"About"},"content":{"rendered":"\t\t<div data-elementor-type=\"wp-page\" data-elementor-id=\"2560\" class=\"elementor elementor-2560 elementor-2355\" data-elementor-settings=\"{&quot;ha_cmc_init_switcher&quot;:&quot;no&quot;,&quot;element_pack_global_tooltip_width&quot;:{&quot;unit&quot;:&quot;px&quot;,&quot;size&quot;:&quot;&quot;,&quot;sizes&quot;:[]},&quot;element_pack_global_tooltip_width_tablet&quot;:{&quot;unit&quot;:&quot;px&quot;,&quot;size&quot;:&quot;&quot;,&quot;sizes&quot;:[]},&quot;element_pack_global_tooltip_width_mobile&quot;:{&quot;unit&quot;:&quot;px&quot;,&quot;size&quot;:&quot;&quot;,&quot;sizes&quot;:[]},&quot;element_pack_global_tooltip_padding&quot;:{&quot;unit&quot;:&quot;px&quot;,&quot;top&quot;:&quot;&quot;,&quot;right&quot;:&quot;&quot;,&quot;bottom&quot;:&quot;&quot;,&quot;left&quot;:&quot;&quot;,&quot;isLinked&quot;:true},&quot;element_pack_global_tooltip_padding_tablet&quot;:{&quot;unit&quot;:&quot;px&quot;,&quot;top&quot;:&quot;&quot;,&quot;right&quot;:&quot;&quot;,&quot;bottom&quot;:&quot;&quot;,&quot;left&quot;:&quot;&quot;,&quot;isLinked&quot;:true},&quot;element_pack_global_tooltip_padding_mobile&quot;:{&quot;unit&quot;:&quot;px&quot;,&quot;top&quot;:&quot;&quot;,&quot;right&quot;:&quot;&quot;,&quot;bottom&quot;:&quot;&quot;,&quot;left&quot;:&quot;&quot;,&quot;isLinked&quot;:true},&quot;element_pack_global_tooltip_border_radius&quot;:{&quot;unit&quot;:&quot;px&quot;,&quot;top&quot;:&quot;&quot;,&quot;right&quot;:&quot;&quot;,&quot;bottom&quot;:&quot;&quot;,&quot;left&quot;:&quot;&quot;,&quot;isLinked&quot;:true},&quot;element_pack_global_tooltip_border_radius_tablet&quot;:{&quot;unit&quot;:&quot;px&quot;,&quot;top&quot;:&quot;&quot;,&quot;right&quot;:&quot;&quot;,&quot;bottom&quot;:&quot;&quot;,&quot;left&quot;:&quot;&quot;,&quot;isLinked&quot;:true},&quot;element_pack_global_tooltip_border_radius_mobile&quot;:{&quot;unit&quot;:&quot;px&quot;,&quot;top&quot;:&quot;&quot;,&quot;right&quot;:&quot;&quot;,&quot;bottom&quot;:&quot;&quot;,&quot;left&quot;:&quot;&quot;,&quot;isLinked&quot;:true}}\" data-elementor-post-type=\"page\">\n\t\t\t\t<div class=\"elementor-element elementor-element-c1143fd e-con-full e-flex e-con e-parent\" data-id=\"c1143fd\" data-element_type=\"container\" data-settings=\"{&quot;background_background&quot;:&quot;classic&quot;,&quot;section_parallax_on&quot;:&quot;yes&quot;,&quot;section_parallax_value&quot;:{&quot;unit&quot;:&quot;px&quot;,&quot;size&quot;:-110,&quot;sizes&quot;:[]},&quot;section_parallax_x_value&quot;:{&quot;unit&quot;:&quot;px&quot;,&quot;size&quot;:&quot;&quot;,&quot;sizes&quot;:[]},&quot;_ha_eqh_enable&quot;:false}\">\n\t\t\t\t<\/div>\n\t\t<div class=\"elementor-element elementor-element-3e51bc9 e-flex e-con-boxed e-con e-parent\" data-id=\"3e51bc9\" data-element_type=\"container\" data-settings=\"{&quot;_ha_eqh_enable&quot;:false}\">\n\t\t\t\t\t<div class=\"e-con-inner\">\n\t\t\t\t<div class=\"elementor-element elementor-element-f0dc63b elementor-widget elementor-widget-text-editor\" data-id=\"f0dc63b\" data-element_type=\"widget\" data-widget_type=\"text-editor.default\">\n\t\t\t\t<div class=\"elementor-widget-container\">\n\t\t\t\t\t\t\t\t\t<p style=\"text-align: center;\"><span style=\"color: #cf1f58;\">FORNECEMOS SOLU\u00c7\u00d5ES VISUAIS QUE EXCEDEM AS EXPECTATIVAS DOS CLIENTES.<\/span><\/p><p style=\"text-align: center;\">O nosso servi\u00e7o PREMIUM \u00e9 inovador, \u00fanico e exclusivo. O nosso compromisso com a qualidade e os prazos \u00e9 a base que nos distingue na \u00e1rea da visualiza\u00e7\u00e3o arquitet\u00f3nica. Somos uma equipa de arquitectos, artistas e fot\u00f3grafos que oferece uma experi\u00eancia inovadora, realista e surpreendente, utilizando as mais avan\u00e7adas tecnologias e softwares 3D.<\/p>\t\t\t\t\t\t\t\t<\/div>\n\t\t\t\t<\/div>\n\t\t\t\t\t<\/div>\n\t\t\t\t<\/div>\n\t\t<div class=\"elementor-element elementor-element-a0e83e6 e-flex e-con-boxed e-con e-parent\" data-id=\"a0e83e6\" data-element_type=\"container\" data-settings=\"{&quot;_ha_eqh_enable&quot;:false}\">\n\t\t\t\t\t<div class=\"e-con-inner\">\n\t\t\t\t<div class=\"elementor-element elementor-element-a6678a8 elementor-widget__width-initial elementor-position-top elementor-widget elementor-widget-image-box\" data-id=\"a6678a8\" data-element_type=\"widget\" data-widget_type=\"image-box.default\">\n\t\t\t\t<div class=\"elementor-widget-container\">\n\t\t\t\t\t<div class=\"elementor-image-box-wrapper\"><figure class=\"elementor-image-box-img\"><img fetchpriority=\"high\" decoding=\"async\" width=\"1067\" height=\"1066\" src=\"https:\/\/savannahvisuals.com\/wp-content\/uploads\/2024\/09\/sergio.jpg\" class=\"attachment-full size-full wp-image-2549\" alt=\"\" srcset=\"https:\/\/savannahvisuals.com\/wp-content\/uploads\/2024\/09\/sergio.jpg 1067w, https:\/\/savannahvisuals.com\/wp-content\/uploads\/2024\/09\/sergio-500x500.jpg 500w, https:\/\/savannahvisuals.com\/wp-content\/uploads\/2024\/09\/sergio-300x300.jpg 300w, https:\/\/savannahvisuals.com\/wp-content\/uploads\/2024\/09\/sergio-768x767.jpg 768w\" sizes=\"(max-width: 1067px) 100vw, 1067px\" \/><\/figure><div class=\"elementor-image-box-content\"><h3 class=\"elementor-image-box-title\">Sergio Sottomaior<\/h3><p class=\"elementor-image-box-description\">Fundador \/ Artista L\u00edder<\/p><\/div><\/div>\t\t\t\t<\/div>\n\t\t\t\t<\/div>\n\t\t\t\t\t<\/div>\n\t\t\t\t<\/div>\n\t\t<div class=\"elementor-element elementor-element-7493530 e-flex e-con-boxed e-con e-parent\" data-id=\"7493530\" data-element_type=\"container\" data-settings=\"{&quot;_ha_eqh_enable&quot;:false}\">\n\t\t\t\t\t<div class=\"e-con-inner\">\n\t\t\t\t<div class=\"elementor-element elementor-element-6f4b27b elementor-widget elementor-widget-spacer\" data-id=\"6f4b27b\" data-element_type=\"widget\" data-widget_type=\"spacer.default\">\n\t\t\t\t<div class=\"elementor-widget-container\">\n\t\t\t\t\t\t\t<div class=\"elementor-spacer\">\n\t\t\t<div class=\"elementor-spacer-inner\"><\/div>\n\t\t<\/div>\n\t\t\t\t\t\t<\/div>\n\t\t\t\t<\/div>\n\t\t\t\t\t<\/div>\n\t\t\t\t<\/div>\n\t\t\t\t<\/div>\n\t\t","protected":false},"excerpt":{"rendered":"<p>FORNECEMOS SOLU\u00c7\u00d5ES VISUAIS QUE EXCEDEM AS EXPECTATIVAS DOS CLIENTES. O nosso servi\u00e7o PREMIUM \u00e9 inovador, \u00fanico e exclusivo. O nosso compromisso com a qualidade e os prazos \u00e9 a base que nos distingue na \u00e1rea da visualiza\u00e7\u00e3o arquitet\u00f3nica. Somos uma equipa de arquitectos, artistas e fot\u00f3grafos que oferece uma experi\u00eancia inovadora, realista e surpreendente, utilizando [&hellip;]<\/p>\n","protected":false},"author":1,"featured_media":0,"parent":0,"menu_order":0,"comment_status":"closed","ping_status":"closed","template":"elementor_header_footer","meta":{"footnotes":""},"class_list":["post-2560","page","type-page","status-publish","hentry"],"_links":{"self":[{"href":"https:\/\/savannahvisuals.com\/pt-br\/wp-json\/wp\/v2\/pages\/2560","targetHints":{"allow":["GET"]}}],"collection":[{"href":"https:\/\/savannahvisuals.com\/pt-br\/wp-json\/wp\/v2\/pages"}],"about":[{"href":"https:\/\/savannahvisuals.com\/pt-br\/wp-json\/wp\/v2\/types\/page"}],"author":[{"embeddable":true,"href":"https:\/\/savannahvisuals.com\/pt-br\/wp-json\/wp\/v2\/users\/1"}],"replies":[{"embeddable":true,"href":"https:\/\/savannahvisuals.com\/pt-br\/wp-json\/wp\/v2\/comments?post=2560"}],"version-history":[{"count":0,"href":"https:\/\/savannahvisuals.com\/pt-br\/wp-json\/wp\/v2\/pages\/2560\/revisions"}],"wp:attachment":[{"href":"https:\/\/savannahvisuals.com\/pt-br\/wp-json\/wp\/v2\/media?parent=2560"}],"curies":[{"name":"wp","href":"https:\/\/api.w.org\/{rel}","templated":true}]}}