{"id":2569,"date":"2024-09-03T22:45:50","date_gmt":"2024-09-04T01:45:50","guid":{"rendered":"https:\/\/alanfrigo-wordpress-sergio.m3lete.easypanel.host\/?page_id=2569"},"modified":"2024-09-16T20:25:51","modified_gmt":"2024-09-16T23:25:51","slug":"processos","status":"publish","type":"page","link":"https:\/\/savannahvisuals.com\/pt-br\/processos\/","title":{"rendered":"Processos"},"content":{"rendered":"\t\t<div data-elementor-type=\"wp-page\" data-elementor-id=\"2569\" class=\"elementor elementor-2569 elementor-2391\" data-elementor-settings=\"{&quot;ha_cmc_init_switcher&quot;:&quot;no&quot;,&quot;element_pack_global_tooltip_width&quot;:{&quot;unit&quot;:&quot;px&quot;,&quot;size&quot;:&quot;&quot;,&quot;sizes&quot;:[]},&quot;element_pack_global_tooltip_width_tablet&quot;:{&quot;unit&quot;:&quot;px&quot;,&quot;size&quot;:&quot;&quot;,&quot;sizes&quot;:[]},&quot;element_pack_global_tooltip_width_mobile&quot;:{&quot;unit&quot;:&quot;px&quot;,&quot;size&quot;:&quot;&quot;,&quot;sizes&quot;:[]},&quot;element_pack_global_tooltip_padding&quot;:{&quot;unit&quot;:&quot;px&quot;,&quot;top&quot;:&quot;&quot;,&quot;right&quot;:&quot;&quot;,&quot;bottom&quot;:&quot;&quot;,&quot;left&quot;:&quot;&quot;,&quot;isLinked&quot;:true},&quot;element_pack_global_tooltip_padding_tablet&quot;:{&quot;unit&quot;:&quot;px&quot;,&quot;top&quot;:&quot;&quot;,&quot;right&quot;:&quot;&quot;,&quot;bottom&quot;:&quot;&quot;,&quot;left&quot;:&quot;&quot;,&quot;isLinked&quot;:true},&quot;element_pack_global_tooltip_padding_mobile&quot;:{&quot;unit&quot;:&quot;px&quot;,&quot;top&quot;:&quot;&quot;,&quot;right&quot;:&quot;&quot;,&quot;bottom&quot;:&quot;&quot;,&quot;left&quot;:&quot;&quot;,&quot;isLinked&quot;:true},&quot;element_pack_global_tooltip_border_radius&quot;:{&quot;unit&quot;:&quot;px&quot;,&quot;top&quot;:&quot;&quot;,&quot;right&quot;:&quot;&quot;,&quot;bottom&quot;:&quot;&quot;,&quot;left&quot;:&quot;&quot;,&quot;isLinked&quot;:true},&quot;element_pack_global_tooltip_border_radius_tablet&quot;:{&quot;unit&quot;:&quot;px&quot;,&quot;top&quot;:&quot;&quot;,&quot;right&quot;:&quot;&quot;,&quot;bottom&quot;:&quot;&quot;,&quot;left&quot;:&quot;&quot;,&quot;isLinked&quot;:true},&quot;element_pack_global_tooltip_border_radius_mobile&quot;:{&quot;unit&quot;:&quot;px&quot;,&quot;top&quot;:&quot;&quot;,&quot;right&quot;:&quot;&quot;,&quot;bottom&quot;:&quot;&quot;,&quot;left&quot;:&quot;&quot;,&quot;isLinked&quot;:true}}\" data-elementor-post-type=\"page\">\n\t\t\t\t<div class=\"elementor-element elementor-element-3ad216c e-con-full e-flex e-con e-parent\" data-id=\"3ad216c\" data-element_type=\"container\">\n\t\t<div class=\"elementor-element elementor-element-d69a169 e-con-full e-flex e-con e-child\" data-id=\"d69a169\" data-element_type=\"container\" data-settings=\"{&quot;background_background&quot;:&quot;classic&quot;,&quot;section_parallax_on&quot;:&quot;yes&quot;,&quot;section_parallax_value&quot;:{&quot;unit&quot;:&quot;px&quot;,&quot;size&quot;:-110,&quot;sizes&quot;:[]},&quot;section_parallax_x_value&quot;:{&quot;unit&quot;:&quot;px&quot;,&quot;size&quot;:&quot;&quot;,&quot;sizes&quot;:[]},&quot;_ha_eqh_enable&quot;:false}\">\n\t\t\t\t<\/div>\n\t\t\t\t<\/div>\n\t\t<div class=\"elementor-element elementor-element-3e3a813 e-con-full e-flex e-con e-parent\" data-id=\"3e3a813\" data-element_type=\"container\" data-settings=\"{&quot;_ha_eqh_enable&quot;:false}\">\n\t\t\t\t<div class=\"elementor-element elementor-element-ad02bb3 elementor-widget elementor-widget-ha-horizontal-timeline happy-addon ha-horizontal-timeline\" data-id=\"ad02bb3\" data-element_type=\"widget\" data-settings=\"{&quot;slides_to_show&quot;:&quot;5&quot;,&quot;animation_speed&quot;:800,&quot;loop&quot;:&quot;yes&quot;,&quot;slides_to_show_tablet&quot;:3,&quot;slides_to_show_mobile&quot;:2}\" data-widget_type=\"ha-horizontal-timeline.default\">\n\t\t\t\t<div class=\"elementor-widget-container\">\n\t\t\t\t\t\t\t<div class=\"ha-horizontal-timeline-wrapper ha-carousel\">\n\n\t\t\t\t\t\t\t<div class=\"ha-horizontal-timeline-block elementor-repeater-item-ee6bd1f\">\n\t\t\t\t\t<div class=\"ha-horizontal-timeline-icon-box\">\n\n\t\t\t\t\t\t<span class=\"ha-horizontal-timeline-date\"><\/span>\n\n\t\t\t\t\t\t<div class=\"ha-horizontal-timeline-top-inner\">\n\t\t\t\t\t\t\t\t\t\t\t\t\t\t\t<div class=\"ha-horizontal-timeline-icon\">\n\t\t\t\t\t\t\t\t\t<svg aria-hidden=\"true\" class=\"e-font-icon-svg e-far-flag\" viewBox=\"0 0 512 512\" xmlns=\"http:\/\/www.w3.org\/2000\/svg\"><path d=\"M336.174 80c-49.132 0-93.305-32-161.913-32-31.301 0-58.303 6.482-80.721 15.168a48.04 48.04 0 0 0 2.142-20.727C93.067 19.575 74.167 1.594 51.201.104 23.242-1.71 0 20.431 0 48c0 17.764 9.657 33.262 24 41.562V496c0 8.837 7.163 16 16 16h16c8.837 0 16-7.163 16-16v-83.443C109.869 395.28 143.259 384 199.826 384c49.132 0 93.305 32 161.913 32 58.479 0 101.972-22.617 128.548-39.981C503.846 367.161 512 352.051 512 335.855V95.937c0-34.459-35.264-57.768-66.904-44.117C409.193 67.309 371.641 80 336.174 80zM464 336c-21.783 15.412-60.824 32-102.261 32-59.945 0-102.002-32-161.913-32-43.361 0-96.379 9.403-127.826 24V128c21.784-15.412 60.824-32 102.261-32 59.945 0 102.002 32 161.913 32 43.271 0 96.32-17.366 127.826-32v240z\"><\/path><\/svg>\t\t\t\t\t\t\t\t<\/div>\n\t\t\t\t\t\t\t\t\t\t\t\t\t\t<div class=\"ha-horizontal-timeline-tree\"><\/div>\n\t\t\t\t\t\t<\/div>\n\t\t\t\t\t<\/div>\n\n\t\t\t\t\t<div class=\"ha-horizontal-timeline-content\">\n\n\t\t\t\t\t\t\n\t\t\t\t\t\t<div class=\"ha-horizontal-timeline-inner\">\n\t\t\t\t\t\t\t\n\t\t\t\t\t\t\t<h2 class=\"ha-horizontal-timeline-title\">Quais s\u00e3o os seus desafios?<\/h2>\n\t\t\t\t\t\t\t\n\t\t\t\t\t\t\t<div class=\"ha-horizontal-timeline-description\"><p style=\"text-align: center;\">Nosso primeiro passo \u00e9 entender as suas necessidades e como podemos ajudar.<\/p><\/div>\t\t\t\t\t\t<\/div>\n\t\t\t\t\t<\/div>\n\t\t\t\t<\/div>\n\n\t\t\t\t\t\t\t<div class=\"ha-horizontal-timeline-block elementor-repeater-item-ada6269\">\n\t\t\t\t\t<div class=\"ha-horizontal-timeline-icon-box\">\n\n\t\t\t\t\t\t<span class=\"ha-horizontal-timeline-date\"><\/span>\n\n\t\t\t\t\t\t<div class=\"ha-horizontal-timeline-top-inner\">\n\t\t\t\t\t\t\t\t\t\t\t\t\t\t\t<div class=\"ha-horizontal-timeline-icon\">\n\t\t\t\t\t\t\t\t\t<svg aria-hidden=\"true\" class=\"e-font-icon-svg e-fas-search\" viewBox=\"0 0 512 512\" xmlns=\"http:\/\/www.w3.org\/2000\/svg\"><path d=\"M505 442.7L405.3 343c-4.5-4.5-10.6-7-17-7H372c27.6-35.3 44-79.7 44-128C416 93.1 322.9 0 208 0S0 93.1 0 208s93.1 208 208 208c48.3 0 92.7-16.4 128-44v16.3c0 6.4 2.5 12.5 7 17l99.7 99.7c9.4 9.4 24.6 9.4 33.9 0l28.3-28.3c9.4-9.4 9.4-24.6.1-34zM208 336c-70.7 0-128-57.2-128-128 0-70.7 57.2-128 128-128 70.7 0 128 57.2 128 128 0 70.7-57.2 128-128 128z\"><\/path><\/svg>\t\t\t\t\t\t\t\t<\/div>\n\t\t\t\t\t\t\t\t\t\t\t\t\t\t<div class=\"ha-horizontal-timeline-tree\"><\/div>\n\t\t\t\t\t\t<\/div>\n\t\t\t\t\t<\/div>\n\n\t\t\t\t\t<div class=\"ha-horizontal-timeline-content\">\n\n\t\t\t\t\t\t\n\t\t\t\t\t\t<div class=\"ha-horizontal-timeline-inner\">\n\t\t\t\t\t\t\t\n\t\t\t\t\t\t\t<h2 class=\"ha-horizontal-timeline-title\">An\u00e1lise de informa\u00e7\u00f5es<\/h2>\n\t\t\t\t\t\t\t\n\t\t\t\t\t\t\t<div class=\"ha-horizontal-timeline-description\"><p style=\"text-align: center;\">Ap\u00f3s recebermos todos os documentos do projeto iremos coletar as informa\u00e7\u00f5es e darmos in\u00edcio ao trabalho.<\/p><\/div>\t\t\t\t\t\t<\/div>\n\t\t\t\t\t<\/div>\n\t\t\t\t<\/div>\n\n\t\t\t\t\t\t\t<div class=\"ha-horizontal-timeline-block elementor-repeater-item-afeabf4\">\n\t\t\t\t\t<div class=\"ha-horizontal-timeline-icon-box\">\n\n\t\t\t\t\t\t<span class=\"ha-horizontal-timeline-date\"><\/span>\n\n\t\t\t\t\t\t<div class=\"ha-horizontal-timeline-top-inner\">\n\t\t\t\t\t\t\t\t\t\t\t\t\t\t\t<div class=\"ha-horizontal-timeline-icon\">\n\t\t\t\t\t\t\t\t\t<svg aria-hidden=\"true\" class=\"e-font-icon-svg e-fas-pencil-ruler\" viewBox=\"0 0 512 512\" xmlns=\"http:\/\/www.w3.org\/2000\/svg\"><path d=\"M109.46 244.04l134.58-134.56-44.12-44.12-61.68 61.68a7.919 7.919 0 0 1-11.21 0l-11.21-11.21c-3.1-3.1-3.1-8.12 0-11.21l61.68-61.68-33.64-33.65C131.47-3.1 111.39-3.1 99 9.29L9.29 99c-12.38 12.39-12.39 32.47 0 44.86l100.17 100.18zm388.47-116.8c18.76-18.76 18.75-49.17 0-67.93l-45.25-45.25c-18.76-18.76-49.18-18.76-67.95 0l-46.02 46.01 113.2 113.2 46.02-46.03zM316.08 82.71l-297 296.96L.32 487.11c-2.53 14.49 10.09 27.11 24.59 24.56l107.45-18.84L429.28 195.9 316.08 82.71zm186.63 285.43l-33.64-33.64-61.68 61.68c-3.1 3.1-8.12 3.1-11.21 0l-11.21-11.21c-3.09-3.1-3.09-8.12 0-11.21l61.68-61.68-44.14-44.14L267.93 402.5l100.21 100.2c12.39 12.39 32.47 12.39 44.86 0l89.71-89.7c12.39-12.39 12.39-32.47 0-44.86z\"><\/path><\/svg>\t\t\t\t\t\t\t\t<\/div>\n\t\t\t\t\t\t\t\t\t\t\t\t\t\t<div class=\"ha-horizontal-timeline-tree\"><\/div>\n\t\t\t\t\t\t<\/div>\n\t\t\t\t\t<\/div>\n\n\t\t\t\t\t<div class=\"ha-horizontal-timeline-content\">\n\n\t\t\t\t\t\t\n\t\t\t\t\t\t<div class=\"ha-horizontal-timeline-inner\">\n\t\t\t\t\t\t\t\n\t\t\t\t\t\t\t<h2 class=\"ha-horizontal-timeline-title\">Cria\u00e7\u00e3o de imagens<\/h2>\n\t\t\t\t\t\t\t\n\t\t\t\t\t\t\t<div class=\"ha-horizontal-timeline-description\"><p style=\"text-align: center;\">Baseado em fotografias reais come\u00e7amo a trabalhar a ilumina\u00e7\u00e3o, cameras, composi\u00e7\u00e3o e assim geramos o primeiro tiro.<\/p><\/div>\t\t\t\t\t\t<\/div>\n\t\t\t\t\t<\/div>\n\t\t\t\t<\/div>\n\n\t\t\t\t\t\t\t<div class=\"ha-horizontal-timeline-block elementor-repeater-item-fd5105f\">\n\t\t\t\t\t<div class=\"ha-horizontal-timeline-icon-box\">\n\n\t\t\t\t\t\t<span class=\"ha-horizontal-timeline-date\"><\/span>\n\n\t\t\t\t\t\t<div class=\"ha-horizontal-timeline-top-inner\">\n\t\t\t\t\t\t\t\t\t\t\t\t\t\t\t<div class=\"ha-horizontal-timeline-icon\">\n\t\t\t\t\t\t\t\t\t<svg aria-hidden=\"true\" class=\"e-font-icon-svg e-fas-check-square\" viewBox=\"0 0 448 512\" xmlns=\"http:\/\/www.w3.org\/2000\/svg\"><path d=\"M400 480H48c-26.51 0-48-21.49-48-48V80c0-26.51 21.49-48 48-48h352c26.51 0 48 21.49 48 48v352c0 26.51-21.49 48-48 48zm-204.686-98.059l184-184c6.248-6.248 6.248-16.379 0-22.627l-22.627-22.627c-6.248-6.248-16.379-6.249-22.628 0L184 302.745l-70.059-70.059c-6.248-6.248-16.379-6.248-22.628 0l-22.627 22.627c-6.248 6.248-6.248 16.379 0 22.627l104 104c6.249 6.25 16.379 6.25 22.628.001z\"><\/path><\/svg>\t\t\t\t\t\t\t\t<\/div>\n\t\t\t\t\t\t\t\t\t\t\t\t\t\t<div class=\"ha-horizontal-timeline-tree\"><\/div>\n\t\t\t\t\t\t<\/div>\n\t\t\t\t\t<\/div>\n\n\t\t\t\t\t<div class=\"ha-horizontal-timeline-content\">\n\n\t\t\t\t\t\t\n\t\t\t\t\t\t<div class=\"ha-horizontal-timeline-inner\">\n\t\t\t\t\t\t\t\n\t\t\t\t\t\t\t<h2 class=\"ha-horizontal-timeline-title\">Valida\u00e7\u00e3o e Aprova\u00e7\u00e3o<\/h2>\n\t\t\t\t\t\t\t\n\t\t\t\t\t\t\t<div class=\"ha-horizontal-timeline-description\"><p style=\"text-align: center;\">Do primeiro tiro at\u00e9 a revis\u00e3o 02 n\u00f3s trabalhamos para acomodar as altera\u00e7\u00f5es e seguindo at\u00e9 a entrega final.<\/p><\/div>\t\t\t\t\t\t<\/div>\n\t\t\t\t\t<\/div>\n\t\t\t\t<\/div>\n\n\t\t\t\t\t\t\t<div class=\"ha-horizontal-timeline-block elementor-repeater-item-bbe843d\">\n\t\t\t\t\t<div class=\"ha-horizontal-timeline-icon-box\">\n\n\t\t\t\t\t\t<span class=\"ha-horizontal-timeline-date\"><\/span>\n\n\t\t\t\t\t\t<div class=\"ha-horizontal-timeline-top-inner\">\n\t\t\t\t\t\t\t\t\t\t\t\t\t\t\t<div class=\"ha-horizontal-timeline-icon\">\n\t\t\t\t\t\t\t\t\t<svg aria-hidden=\"true\" class=\"e-font-icon-svg e-fas-gift\" viewBox=\"0 0 512 512\" xmlns=\"http:\/\/www.w3.org\/2000\/svg\"><path d=\"M32 448c0 17.7 14.3 32 32 32h160V320H32v128zm256 32h160c17.7 0 32-14.3 32-32V320H288v160zm192-320h-42.1c6.2-12.1 10.1-25.5 10.1-40 0-48.5-39.5-88-88-88-41.6 0-68.5 21.3-103 68.3-34.5-47-61.4-68.3-103-68.3-48.5 0-88 39.5-88 88 0 14.5 3.8 27.9 10.1 40H32c-17.7 0-32 14.3-32 32v80c0 8.8 7.2 16 16 16h480c8.8 0 16-7.2 16-16v-80c0-17.7-14.3-32-32-32zm-326.1 0c-22.1 0-40-17.9-40-40s17.9-40 40-40c19.9 0 34.6 3.3 86.1 80h-86.1zm206.1 0h-86.1c51.4-76.5 65.7-80 86.1-80 22.1 0 40 17.9 40 40s-17.9 40-40 40z\"><\/path><\/svg>\t\t\t\t\t\t\t\t<\/div>\n\t\t\t\t\t\t\t\t\t\t\t\t\t\t<div class=\"ha-horizontal-timeline-tree\"><\/div>\n\t\t\t\t\t\t<\/div>\n\t\t\t\t\t<\/div>\n\n\t\t\t\t\t<div class=\"ha-horizontal-timeline-content\">\n\n\t\t\t\t\t\t\n\t\t\t\t\t\t<div class=\"ha-horizontal-timeline-inner\">\n\t\t\t\t\t\t\t\n\t\t\t\t\t\t\t<h2 class=\"ha-horizontal-timeline-title\">Entrega Final<\/h2>\n\t\t\t\t\t\t\t\n\t\t\t\t\t\t\t<div class=\"ha-horizontal-timeline-description\"><p style=\"text-align: center;\">Ap\u00f3s aprova\u00e7\u00e3o entregaremos as imagens em alta resolu\u00e7\u00e3o.<\/p><\/div>\t\t\t\t\t\t<\/div>\n\t\t\t\t\t<\/div>\n\t\t\t\t<\/div>\n\n\t\t\t\n\t\t<\/div>\n\n\t\t\t\t\t<button type=\"button\" class=\"slick-prev\"><svg aria-hidden=\"true\" class=\"e-font-icon-svg e-fas-chevron-left\" viewBox=\"0 0 320 512\" xmlns=\"http:\/\/www.w3.org\/2000\/svg\"><path d=\"M34.52 239.03L228.87 44.69c9.37-9.37 24.57-9.37 33.94 0l22.67 22.67c9.36 9.36 9.37 24.52.04 33.9L131.49 256l154.02 154.75c9.34 9.38 9.32 24.54-.04 33.9l-22.67 22.67c-9.37 9.37-24.57 9.37-33.94 0L34.52 272.97c-9.37-9.37-9.37-24.57 0-33.94z\"><\/path><\/svg><\/button>\n\t\t\n\t\t\t\t\t<button type=\"button\" class=\"slick-next\"><svg aria-hidden=\"true\" class=\"e-font-icon-svg e-fas-chevron-right\" viewBox=\"0 0 320 512\" xmlns=\"http:\/\/www.w3.org\/2000\/svg\"><path d=\"M285.476 272.971L91.132 467.314c-9.373 9.373-24.569 9.373-33.941 0l-22.667-22.667c-9.357-9.357-9.375-24.522-.04-33.901L188.505 256 34.484 101.255c-9.335-9.379-9.317-24.544.04-33.901l22.667-22.667c9.373-9.373 24.569-9.373 33.941 0L285.475 239.03c9.373 9.372 9.373 24.568.001 33.941z\"><\/path><\/svg><\/button>\n\t\t\n\t\t\t\t\t\t<\/div>\n\t\t\t\t<\/div>\n\t\t\t\t<\/div>\n\t\t\t\t<\/div>\n\t\t","protected":false},"excerpt":{"rendered":"<p>Quais s\u00e3o os seus desafios? Nosso primeiro passo \u00e9 entender as suas necessidades e como podemos ajudar. An\u00e1lise de informa\u00e7\u00f5es Ap\u00f3s recebermos todos os documentos do projeto iremos coletar as informa\u00e7\u00f5es e darmos in\u00edcio ao trabalho. Cria\u00e7\u00e3o de imagens Baseado em fotografias reais come\u00e7amo a trabalhar a ilumina\u00e7\u00e3o, cameras, composi\u00e7\u00e3o e assim geramos o primeiro [&hellip;]<\/p>\n","protected":false},"author":1,"featured_media":0,"parent":0,"menu_order":0,"comment_status":"closed","ping_status":"closed","template":"elementor_header_footer","meta":{"footnotes":""},"class_list":["post-2569","page","type-page","status-publish","hentry"],"_links":{"self":[{"href":"https:\/\/savannahvisuals.com\/pt-br\/wp-json\/wp\/v2\/pages\/2569","targetHints":{"allow":["GET"]}}],"collection":[{"href":"https:\/\/savannahvisuals.com\/pt-br\/wp-json\/wp\/v2\/pages"}],"about":[{"href":"https:\/\/savannahvisuals.com\/pt-br\/wp-json\/wp\/v2\/types\/page"}],"author":[{"embeddable":true,"href":"https:\/\/savannahvisuals.com\/pt-br\/wp-json\/wp\/v2\/users\/1"}],"replies":[{"embeddable":true,"href":"https:\/\/savannahvisuals.com\/pt-br\/wp-json\/wp\/v2\/comments?post=2569"}],"version-history":[{"count":0,"href":"https:\/\/savannahvisuals.com\/pt-br\/wp-json\/wp\/v2\/pages\/2569\/revisions"}],"wp:attachment":[{"href":"https:\/\/savannahvisuals.com\/pt-br\/wp-json\/wp\/v2\/media?parent=2569"}],"curies":[{"name":"wp","href":"https:\/\/api.w.org\/{rel}","templated":true}]}}